{"id":10,"date":"2025-06-09T18:39:36","date_gmt":"2025-06-09T18:39:36","guid":{"rendered":"https:\/\/swellsurfmorocco.com\/?page_id=10"},"modified":"2025-08-13T10:59:37","modified_gmt":"2025-08-13T10:59:37","slug":"kontaktieren-sie-uns","status":"publish","type":"page","link":"https:\/\/swellsurfmorocco.com\/de\/kontaktieren-sie-uns\/","title":{"rendered":"Kontakt"},"content":{"rendered":"<div class=\"wp-block-group has-global-padding is-layout-constrained wp-block-group-is-layout-constrained\">\n<h2 class=\"wp-block-heading has-large-font-size\" id=\"h-get-in-touch-with-us\"><mark style=\"background-color:rgba(0, 0, 0, 0);color:#f26766\" class=\"has-inline-color\">Nehmen Sie Kontakt mit uns auf<\/mark><\/h2>\n\n\n\n<p class=\"has-text-color\" style=\"color:#0bb4aa\"><mark style=\"background-color:rgba(0, 0, 0, 0)\" class=\"has-inline-color has-tertiary-color\">Verbinden wir uns!<\/mark><\/p>\n\n\n\n<p>Wir sind froh, dass du hier bist! Kontakt zu uns Egal, ob du deine erste Surfstunde planst, an einem kompletten Kitesurf-Camp teilnehmen m\u00f6chtest oder von einem entspannenden Yoga- und Strand-Retreat in Marokko tr\u00e4umst - wir sind hier, um dir dabei zu helfen, es einfach, reibungslos und unvergesslich zu machen.<\/p>\n\n\n\n<p>Unter <a href=\"https:\/\/www.tripadvisor.com\/Attraction_Review-g293731-d7108015-Reviews-Swell_Surf_Morocco-Agadir_Souss_Massa.html\"><mark style=\"background-color:rgba(0, 0, 0, 0)\" class=\"has-inline-color has-tertiary-color\">Swell Surf Marokko<\/mark><\/a>Wir glauben, dass jeder Reisende einzigartig ist. Deshalb bieten wir Ihnen von dem Moment an, in dem Sie uns kontaktieren, eine pers\u00f6nliche Betreuung an. Egal, ob Sie alleine reisen, eine Gruppe von Freunden oder ein Paar sind, wir k\u00f6nnen Ihnen helfen, das perfekte Erlebnis f\u00fcr Ihr Niveau, Ihre Interessen und Ihre Reisedaten auszuw\u00e4hlen oder anzupassen.<\/p>\n\n\n\n<p><strong>Warum Swell Surf Marokko w\u00e4hlen?<\/strong><br>Mit mehr als einem Jahrzehnt Erfahrung in der Leitung von Surfcamps <a href=\"https:\/\/swellsurfmorocco.com\/de\/unsere-pakete\/\"><mark style=\"background-color:rgba(0, 0, 0, 0)\" class=\"has-inline-color has-tertiary-color\">Pakete<\/mark><\/a>Unsere ISA-zertifizierten Surflehrer bieten individuellen Unterricht f\u00fcr alle Niveaus - vom Anf\u00e4nger bis zum Fortgeschrittenen. Unsere Surfschule in Agadir legt Wert auf Sicherheit, Fortschritt und Spa\u00df. Zus\u00e4tzlich zu den t\u00e4glichen Surfstunden bieten wir Yogakurse, Ausr\u00fcstungsverleih und lokale Ausfl\u00fcge an, um die marokkanische Kultur kennenzulernen.<\/p>\n\n\n\n<p><strong>Bleiben Sie in Verbindung &amp; folgen Sie uns<\/strong><br>Folgen Sie uns auf<mark style=\"background-color:rgba(0, 0, 0, 0)\" class=\"has-inline-color has-tertiary-color\"> <\/mark><a href=\"https:\/\/www.instagram.com\/swellsurfmorocco\/\"><mark style=\"background-color:rgba(0, 0, 0, 0)\" class=\"has-inline-color has-tertiary-color\">Instagram<\/mark><\/a> und <a href=\"https:\/\/www.facebook.com\/swellsurfmorocco\/\"><mark style=\"background-color:rgba(0, 0, 0, 0)\" class=\"has-inline-color has-tertiary-color\">Facebook<\/mark><\/a> f\u00fcr Echtzeit-Surfvorhersagen, Sonderangebote und G\u00e4ste-Highlights. Markieren Sie Ihre #SwellSurfMorocco Momente - wir lieben es, Ihre besten Wellen zu teilen!<\/p>\n<\/div>\n\n\n\n<div class=\"wp-block-group alignfull has-global-padding is-layout-constrained wp-container-core-group-is-layout-323a0f85 wp-block-group-is-layout-constrained\" style=\"padding-right:0;padding-left:0\">\n<div class=\"wp-block-group alignfull has-global-padding is-layout-constrained wp-block-group-is-layout-constrained\">\n<div class=\"wp-block-columns are-vertically-aligned-center has-light-background-background-color has-background is-layout-flex wp-container-core-columns-is-layout-dd282781 wp-block-columns-is-layout-flex\" style=\"padding-top:0;padding-right:0;padding-bottom:0;padding-left:0\">\n<div class=\"wp-block-column is-vertically-aligned-center map-grayscale is-layout-flow wp-block-column-is-layout-flow\" style=\"flex-basis:50%\">\n<figure class=\"wp-block-image size-large\"><img fetchpriority=\"high\" decoding=\"async\" width=\"1024\" height=\"683\" src=\"https:\/\/swellsurfmorocco.com\/wp-content\/uploads\/2025\/06\/wallpaperflare.com_wallpaper-1024x683.jpg\" alt=\"Kontakt bei swell surf marokko\" class=\"wp-image-289\" srcset=\"https:\/\/swellsurfmorocco.com\/wp-content\/uploads\/2025\/06\/wallpaperflare.com_wallpaper-1024x683.jpg 1024w, https:\/\/swellsurfmorocco.com\/wp-content\/uploads\/2025\/06\/wallpaperflare.com_wallpaper-300x200.jpg 300w, https:\/\/swellsurfmorocco.com\/wp-content\/uploads\/2025\/06\/wallpaperflare.com_wallpaper-2000x1333.jpg 2000w\" sizes=\"(max-width: 1024px) 100vw, 1024px\" \/><\/figure>\n<\/div>\n\n\n\n<div class=\"wp-block-column is-vertically-aligned-center is-layout-flow wp-block-column-is-layout-flow\" style=\"padding-top:var(--wp--preset--spacing--small);padding-right:var(--wp--preset--spacing--small);padding-bottom:var(--wp--preset--spacing--small);padding-left:2%;flex-basis:50%\">\n<h3 class=\"wp-block-heading has-large-font-size\" id=\"h-find-us\">Finden Sie uns<\/h3>\n\n\n\n<p><\/p>\n\n\n\n<h3 class=\"wp-block-heading\" id=\"h-address\"><strong>Adresse<\/strong><\/h3>\n\n\n\n<p><strong>Surfcamp<\/strong> : <a href=\"https:\/\/g.co\/kgs\/3jiN4z3\"><mark style=\"background-color:rgba(0, 0, 0, 0);color:#f26766\" class=\"has-inline-color\">Tamraght<\/mark><\/a><\/p>\n\n\n\n<p><strong>Surfschule<\/strong> : <a href=\"https:\/\/g.co\/kgs\/DYceXi5\"><mark style=\"background-color:rgba(0, 0, 0, 0);color:#f26766\" class=\"has-inline-color\">Agadir<\/mark><\/a><mark style=\"background-color:rgba(0, 0, 0, 0);color:#f26766\" class=\"has-inline-color\"> <\/mark><mark style=\"background-color:rgba(0, 0, 0, 0)\" class=\"has-inline-color has-secondary-color\">&amp;<\/mark><mark style=\"background-color:rgba(0, 0, 0, 0);color:#f26766\" class=\"has-inline-color\"> <\/mark><a href=\"https:\/\/g.co\/kgs\/3jiN4z3\"><mark style=\"background-color:rgba(0, 0, 0, 0);color:#f26766\" class=\"has-inline-color\">Tamraght<\/mark><\/a><\/p>\n\n\n\n<h3 class=\"wp-block-heading\" id=\"h-email\"><strong>E-Mail<\/strong><\/h3>\n\n\n\n<p>swellsurfmorocco@gmail.com<\/p>\n\n\n\n<h3 class=\"wp-block-heading\" id=\"h-phone\"><strong>Telefon<\/strong><\/h3>\n\n\n\n<p>Whatsapp : +212 750 191 172<br>Telefon: +212 670 317 927<br><\/p>\n<\/div>\n<\/div>\n<\/div>\n<\/div>\n\n\n\n<div class=\"wp-block-cover alignfull is-light is-repeated\" style=\"min-height:700px;aspect-ratio:unset;\"><div class=\"wp-block-cover__image-background wp-image-1275 size-full is-repeated\" style=\"background-position:50% 50%;background-image:url(https:\/\/swellsurfmorocco.com\/wp-content\/uploads\/2025\/07\/button-background.svg)\"><\/div><span aria-hidden=\"true\" class=\"wp-block-cover__background has-red-background-color has-background-dim-10 has-background-dim\"><\/span><div class=\"wp-block-cover__inner-container is-layout-flow wp-block-cover-is-layout-flow\">\n<p class=\"has-text-align-center has-text-color has-large-font-size\" style=\"color:#ff6b35;letter-spacing:1px\"><mark style=\"background-color:rgba(0, 0, 0, 0);color:#f26766\" class=\"has-inline-color\">Kontakt<\/mark><\/p>\n\n\n<style id=\"wpforms-css-vars-920-block-314a85f8-f074-4e13-951a-d857a46028d3\">\n\t\t\t\t#wpforms-920.wpforms-block-314a85f8-f074-4e13-951a-d857a46028d3 {\n\t\t\t\t--wpforms-field-border-color: #e1051e;\n--wpforms-field-border-color-spare: #e1051e;\n--wpforms-button-background-color: #f26766;\n--wpforms-field-size-input-height: 43px;\n--wpforms-field-size-input-spacing: 15px;\n--wpforms-field-size-font-size: 16px;\n--wpforms-field-size-line-height: 19px;\n--wpforms-field-size-padding-h: 14px;\n--wpforms-field-size-checkbox-size: 16px;\n--wpforms-field-size-sublabel-spacing: 5px;\n--wpforms-field-size-icon-size: 1;\n--wpforms-label-size-font-size: 16px;\n--wpforms-label-size-line-height: 19px;\n--wpforms-label-size-sublabel-font-size: 14px;\n--wpforms-label-size-sublabel-line-height: 17px;\n--wpforms-button-size-font-size: 17px;\n--wpforms-button-size-height: 41px;\n--wpforms-button-size-padding-h: 15px;\n--wpforms-button-size-margin-top: 10px;\n\n\t\t\t}\n\t\t\t<\/style><div class=\"wpforms-container wpforms-container-full wpforms-block wpforms-block-314a85f8-f074-4e13-951a-d857a46028d3 wpforms-render-modern\" id=\"wpforms-920\"><form id=\"wpforms-form-920\" class=\"wpforms-validate wpforms-form\" data-formid=\"920\" method=\"post\" enctype=\"multipart\/form-data\" action=\"\/de\/wp-json\/wp\/v2\/pages\/10\" data-token=\"226cb9834f45b4e8f848f629ec2d10c6\" data-token-time=\"1775518071\" data-trp-original-action=\"\/de\/wp-json\/wp\/v2\/pages\/10\"><noscript class=\"wpforms-error-noscript\">Bitte aktiviere JavaScript in deinem Browser, um dieses Formular fertigzustellen.<\/noscript><div id=\"wpforms-error-noscript\" style=\"display: none;\">Bitte aktiviere JavaScript in deinem Browser, um dieses Formular fertigzustellen.<\/div><div class=\"wpforms-field-container\"><div id=\"wpforms-920-field_1-container\" class=\"wpforms-field wpforms-field-name\" data-field-id=\"1\"><fieldset><legend class=\"wpforms-field-label\">Name <span class=\"wpforms-required-label\" aria-hidden=\"true\">*<\/span><\/legend><div class=\"wpforms-field-row wpforms-field-medium\"><div class=\"wpforms-field-row-block wpforms-first wpforms-one-half\"><input type=\"text\" id=\"wpforms-920-field_1\" class=\"wpforms-field-name-first wpforms-field-required\" name=\"wpforms[fields][1][first]\" aria-errormessage=\"wpforms-920-field_1-error\" required><label for=\"wpforms-920-field_1\" class=\"wpforms-field-sublabel after\">Vorname<\/label><\/div><div class=\"wpforms-field-row-block wpforms-one-half\"><input type=\"text\" id=\"wpforms-920-field_1-last\" class=\"wpforms-field-name-last wpforms-field-required\" name=\"wpforms[fields][1][last]\" aria-errormessage=\"wpforms-920-field_1-last-error\" required><label for=\"wpforms-920-field_1-last\" class=\"wpforms-field-sublabel after\">Nachname<\/label><\/div><\/div><\/fieldset><\/div>\t\t<div id=\"wpforms-920-field_4-container\"\n\t\t\tclass=\"wpforms-field wpforms-field-text\"\n\t\t\tdata-field-type=\"text\"\n\t\t\tdata-field-id=\"4\"\n\t\t\t>\n\t\t\t<label class=\"wpforms-field-label\" for=\"wpforms-920-field_4\" >E-Mail Name Nachricht<\/label>\n\t\t\t<input type=\"text\" id=\"wpforms-920-field_4\" class=\"wpforms-field-medium\" name=\"wpforms[fields][4]\" >\n\t\t<\/div>\n\t\t<div id=\"wpforms-920-field_2-container\" class=\"wpforms-field wpforms-field-email\" data-field-id=\"2\"><label class=\"wpforms-field-label\" for=\"wpforms-920-field_2\">E-Mail <span class=\"wpforms-required-label\" aria-hidden=\"true\">*<\/span><\/label><input type=\"email\" id=\"wpforms-920-field_2\" class=\"wpforms-field-medium wpforms-field-required\" name=\"wpforms[fields][2]\" spellcheck=\"false\" aria-errormessage=\"wpforms-920-field_2-error\" required><\/div><div id=\"wpforms-920-field_3-container\" class=\"wpforms-field wpforms-field-textarea\" data-field-id=\"3\"><label class=\"wpforms-field-label\" for=\"wpforms-920-field_3\">Nachricht<\/label><textarea id=\"wpforms-920-field_3\" class=\"wpforms-field-medium\" name=\"wpforms[fields][3]\" aria-errormessage=\"wpforms-920-field_3-error\" ><\/textarea><\/div><script>\n\t\t\t\t( function() {\n\t\t\t\t\tconst style = document.createElement( 'style' );\n\t\t\t\t\tstyle.appendChild( document.createTextNode( '#wpforms-920-field_4-container { position: absolute !important; overflow: hidden !important; display: inline !important; height: 1px !important; width: 1px !important; z-index: -1000 !important; padding: 0 !important; } #wpforms-920-field_4-container input { visibility: hidden; } #wpforms-conversational-form-page #wpforms-920-field_4-container label { counter-increment: none; }' ) );\n\t\t\t\t\tdocument.head.appendChild( style );\n\t\t\t\t\tdocument.currentScript?.remove();\n\t\t\t\t} )();\n\t\t\t<\/script><\/div><!-- .wpforms-field-container --><div class=\"wpforms-submit-container\" ><input type=\"hidden\" name=\"wpforms[id]\" value=\"920\"><input type=\"hidden\" name=\"page_title\" value=\"\"><input type=\"hidden\" name=\"page_url\" value=\"https:\/\/swellsurfmorocco.com\/de\/wp-json\/wp\/v2\/pages\/10\"><input type=\"hidden\" name=\"url_referer\" value=\"\"><button type=\"submit\" name=\"wpforms[submit]\" id=\"wpforms-submit-920\" class=\"wpforms-submit\" data-alt-text=\"Sending...\" data-submit-text=\"Submit\" aria-live=\"assertive\" value=\"wpforms-submit\">Einreichen<\/button><\/div><input type=\"hidden\" name=\"trp-form-language\" value=\"de\"\/><\/form><\/div>  <!-- .wpforms-container --><\/div><\/div>","protected":false},"excerpt":{"rendered":"<p>Get in Touch with Us Let&#8217;s Connect! We\u2019re happy you\u2019re here! Contact us Whether you&#8217;re planning your first surf lesson, looking to join a full kitesurf camp, or dreaming of a relaxing yoga and beach retreat in Morocco \u2014 we&#8217;re here to help make it easy, smooth, and unforgettable. At [&hellip;]<\/p>","protected":false},"author":1,"featured_media":1541,"parent":0,"menu_order":0,"comment_status":"closed","ping_status":"closed","template":"","meta":{"inspiro_page_layout":"narrow","inspiro_hide_title":false,"footnotes":""},"class_list":["post-10","page","type-page","status-publish","has-post-thumbnail","hentry"],"yoast_head":"<!-- This site is optimized with the Yoast SEO Premium plugin v25.3.1 (Yoast SEO v25.3.1) - https:\/\/yoast.com\/wordpress\/plugins\/seo\/ -->\n<title>Contact Us \u2013Swell Surf Morocco | Surf Holiday Morocco<\/title>\n<meta name=\"description\" content=\"Contact us - Swell Surf Morocco in Agadir &amp; Tamraght. Book your surf house stay, surf camp packages, surf school in Agadir or surf holiday\" \/>\n<meta name=\"robots\" content=\"index, follow, max-snippet:-1, max-image-preview:large, max-video-preview:-1\" \/>\n<link rel=\"canonical\" href=\"https:\/\/swellsurfmorocco.com\/de\/kontaktieren-sie-uns\/\" \/>\n<meta property=\"og:locale\" content=\"de_DE\" \/>\n<meta property=\"og:type\" content=\"article\" \/>\n<meta property=\"og:title\" content=\"Contact\" \/>\n<meta property=\"og:description\" content=\"Contact us - Swell Surf Morocco in Agadir &amp; Tamraght. Book your surf house stay, surf camp packages, surf school in Agadir or surf holiday\" \/>\n<meta property=\"og:url\" content=\"https:\/\/swellsurfmorocco.com\/de\/kontaktieren-sie-uns\/\" \/>\n<meta property=\"og:site_name\" content=\"Swell Surf Camp Morocco\" \/>\n<meta property=\"article:publisher\" content=\"https:\/\/www.facebook.com\/SwellSurfMorocco\/\" \/>\n<meta property=\"article:modified_time\" content=\"2025-08-13T10:59:37+00:00\" \/>\n<meta property=\"og:image\" content=\"https:\/\/swellsurfmorocco.com\/wp-content\/uploads\/2025\/08\/1111DJI_0723.webp\" \/>\n\t<meta property=\"og:image:width\" content=\"1280\" \/>\n\t<meta property=\"og:image:height\" content=\"720\" \/>\n\t<meta property=\"og:image:type\" content=\"image\/webp\" \/>\n<meta name=\"twitter:card\" content=\"summary_large_image\" \/>\n<meta name=\"twitter:label1\" content=\"Gesch\u00e4tzte Lesezeit\" \/>\n\t<meta name=\"twitter:data1\" content=\"2\u00a0Minuten\" \/>\n<script type=\"application\/ld+json\" class=\"yoast-schema-graph\">{\"@context\":\"https:\/\/schema.org\",\"@graph\":[{\"@type\":\"WebPage\",\"@id\":\"https:\/\/swellsurfmorocco.com\/contact-us\/\",\"url\":\"https:\/\/swellsurfmorocco.com\/contact-us\/\",\"name\":\"Contact Us \u2013Swell Surf Morocco | Surf Holiday Morocco\",\"isPartOf\":{\"@id\":\"https:\/\/swellsurfmorocco.com\/#website\"},\"primaryImageOfPage\":{\"@id\":\"https:\/\/swellsurfmorocco.com\/contact-us\/#primaryimage\"},\"image\":{\"@id\":\"https:\/\/swellsurfmorocco.com\/contact-us\/#primaryimage\"},\"thumbnailUrl\":\"https:\/\/swellsurfmorocco.com\/wp-content\/uploads\/2025\/08\/1111DJI_0723.webp\",\"datePublished\":\"2025-06-09T18:39:36+00:00\",\"dateModified\":\"2025-08-13T10:59:37+00:00\",\"description\":\"Contact us - Swell Surf Morocco in Agadir & Tamraght. Book your surf house stay, surf camp packages, surf school in Agadir or surf holiday\",\"breadcrumb\":{\"@id\":\"https:\/\/swellsurfmorocco.com\/contact-us\/#breadcrumb\"},\"inLanguage\":\"de\",\"potentialAction\":[{\"@type\":\"ReadAction\",\"target\":[\"https:\/\/swellsurfmorocco.com\/contact-us\/\"]}]},{\"@type\":\"ImageObject\",\"inLanguage\":\"de\",\"@id\":\"https:\/\/swellsurfmorocco.com\/contact-us\/#primaryimage\",\"url\":\"https:\/\/swellsurfmorocco.com\/wp-content\/uploads\/2025\/08\/1111DJI_0723.webp\",\"contentUrl\":\"https:\/\/swellsurfmorocco.com\/wp-content\/uploads\/2025\/08\/1111DJI_0723.webp\",\"width\":1280,\"height\":720,\"caption\":\"swell surf morocco | anchor point taghazout\"},{\"@type\":\"BreadcrumbList\",\"@id\":\"https:\/\/swellsurfmorocco.com\/contact-us\/#breadcrumb\",\"itemListElement\":[{\"@type\":\"ListItem\",\"position\":1,\"name\":\"Home\",\"item\":\"https:\/\/swellsurfmorocco.com\/\"},{\"@type\":\"ListItem\",\"position\":2,\"name\":\"Contact\"}]},{\"@type\":\"WebSite\",\"@id\":\"https:\/\/swellsurfmorocco.com\/#website\",\"url\":\"https:\/\/swellsurfmorocco.com\/\",\"name\":\"Swell Surf Morocco\",\"description\":\"Surf camp &amp; school in Morocco\",\"publisher\":{\"@id\":\"https:\/\/swellsurfmorocco.com\/#organization\"},\"potentialAction\":[{\"@type\":\"SearchAction\",\"target\":{\"@type\":\"EntryPoint\",\"urlTemplate\":\"https:\/\/swellsurfmorocco.com\/?s={search_term_string}\"},\"query-input\":{\"@type\":\"PropertyValueSpecification\",\"valueRequired\":true,\"valueName\":\"search_term_string\"}}],\"inLanguage\":\"de\"},{\"@type\":\"Organization\",\"@id\":\"https:\/\/swellsurfmorocco.com\/#organization\",\"name\":\"Swell Surf Morocco\",\"url\":\"https:\/\/swellsurfmorocco.com\/\",\"logo\":{\"@type\":\"ImageObject\",\"inLanguage\":\"de\",\"@id\":\"https:\/\/swellsurfmorocco.com\/#\/schema\/logo\/image\/\",\"url\":\"https:\/\/swellsurfmorocco.com\/wp-content\/uploads\/2025\/07\/cropped-0b3cf441-2553-41a0-af77-675ac82769df-1.webp\",\"contentUrl\":\"https:\/\/swellsurfmorocco.com\/wp-content\/uploads\/2025\/07\/cropped-0b3cf441-2553-41a0-af77-675ac82769df-1.webp\",\"width\":1024,\"height\":255,\"caption\":\"Swell Surf Morocco\"},\"image\":{\"@id\":\"https:\/\/swellsurfmorocco.com\/#\/schema\/logo\/image\/\"},\"sameAs\":[\"https:\/\/www.facebook.com\/SwellSurfMorocco\/\",\"https:\/\/www.instagram.com\/SwellSurfMorocco\/\"]}]}<\/script>\n<!-- \/ Yoast SEO Premium plugin. -->","yoast_head_json":{"title":"Kontakt -Well Surf Marokko | Surfurlaub Marokko","description":"Kontaktieren Sie uns - Swell Surf Marokko in Agadir &amp; Tamraght. Buchen Sie Ihren Surfhausaufenthalt, Surfcamp-Pakete, Surfschule in Agadir oder Surfurlaub","robots":{"index":"index","follow":"follow","max-snippet":"max-snippet:-1","max-image-preview":"max-image-preview:large","max-video-preview":"max-video-preview:-1"},"canonical":"https:\/\/swellsurfmorocco.com\/de\/kontaktieren-sie-uns\/","og_locale":"de_DE","og_type":"article","og_title":"Contact","og_description":"Contact us - Swell Surf Morocco in Agadir & Tamraght. Book your surf house stay, surf camp packages, surf school in Agadir or surf holiday","og_url":"https:\/\/swellsurfmorocco.com\/de\/kontaktieren-sie-uns\/","og_site_name":"Swell Surf Camp Morocco","article_publisher":"https:\/\/www.facebook.com\/SwellSurfMorocco\/","article_modified_time":"2025-08-13T10:59:37+00:00","og_image":[{"width":1280,"height":720,"url":"https:\/\/swellsurfmorocco.com\/wp-content\/uploads\/2025\/08\/1111DJI_0723.webp","type":"image\/webp"}],"twitter_card":"summary_large_image","twitter_misc":{"Gesch\u00e4tzte Lesezeit":"2\u00a0Minuten"},"schema":{"@context":"https:\/\/schema.org","@graph":[{"@type":"WebPage","@id":"https:\/\/swellsurfmorocco.com\/contact-us\/","url":"https:\/\/swellsurfmorocco.com\/contact-us\/","name":"Kontakt -Well Surf Marokko | Surfurlaub Marokko","isPartOf":{"@id":"https:\/\/swellsurfmorocco.com\/#website"},"primaryImageOfPage":{"@id":"https:\/\/swellsurfmorocco.com\/contact-us\/#primaryimage"},"image":{"@id":"https:\/\/swellsurfmorocco.com\/contact-us\/#primaryimage"},"thumbnailUrl":"https:\/\/swellsurfmorocco.com\/wp-content\/uploads\/2025\/08\/1111DJI_0723.webp","datePublished":"2025-06-09T18:39:36+00:00","dateModified":"2025-08-13T10:59:37+00:00","description":"Kontaktieren Sie uns - Swell Surf Marokko in Agadir &amp; Tamraght. Buchen Sie Ihren Surfhausaufenthalt, Surfcamp-Pakete, Surfschule in Agadir oder Surfurlaub","breadcrumb":{"@id":"https:\/\/swellsurfmorocco.com\/contact-us\/#breadcrumb"},"inLanguage":"de","potentialAction":[{"@type":"ReadAction","target":["https:\/\/swellsurfmorocco.com\/contact-us\/"]}]},{"@type":"ImageObject","inLanguage":"de","@id":"https:\/\/swellsurfmorocco.com\/contact-us\/#primaryimage","url":"https:\/\/swellsurfmorocco.com\/wp-content\/uploads\/2025\/08\/1111DJI_0723.webp","contentUrl":"https:\/\/swellsurfmorocco.com\/wp-content\/uploads\/2025\/08\/1111DJI_0723.webp","width":1280,"height":720,"caption":"swell surf morocco | anchor point taghazout"},{"@type":"BreadcrumbList","@id":"https:\/\/swellsurfmorocco.com\/contact-us\/#breadcrumb","itemListElement":[{"@type":"ListItem","position":1,"name":"Home","item":"https:\/\/swellsurfmorocco.com\/"},{"@type":"ListItem","position":2,"name":"Contact"}]},{"@type":"WebSite","@id":"https:\/\/swellsurfmorocco.com\/#website","url":"https:\/\/swellsurfmorocco.com\/","name":"Swell Surf Marokko","description":"Surfcamp &amp; Schule in Marokko","publisher":{"@id":"https:\/\/swellsurfmorocco.com\/#organization"},"potentialAction":[{"@type":"SearchAction","target":{"@type":"EntryPoint","urlTemplate":"https:\/\/swellsurfmorocco.com\/?s={search_term_string}"},"query-input":{"@type":"PropertyValueSpecification","valueRequired":true,"valueName":"search_term_string"}}],"inLanguage":"de"},{"@type":"Organization","@id":"https:\/\/swellsurfmorocco.com\/#organization","name":"Swell Surf Marokko","url":"https:\/\/swellsurfmorocco.com\/","logo":{"@type":"ImageObject","inLanguage":"de","@id":"https:\/\/swellsurfmorocco.com\/#\/schema\/logo\/image\/","url":"https:\/\/swellsurfmorocco.com\/wp-content\/uploads\/2025\/07\/cropped-0b3cf441-2553-41a0-af77-675ac82769df-1.webp","contentUrl":"https:\/\/swellsurfmorocco.com\/wp-content\/uploads\/2025\/07\/cropped-0b3cf441-2553-41a0-af77-675ac82769df-1.webp","width":1024,"height":255,"caption":"Swell Surf Morocco"},"image":{"@id":"https:\/\/swellsurfmorocco.com\/#\/schema\/logo\/image\/"},"sameAs":["https:\/\/www.facebook.com\/SwellSurfMorocco\/","https:\/\/www.instagram.com\/SwellSurfMorocco\/"]}]}},"featured_media_urls":{"thumbnail":["https:\/\/swellsurfmorocco.com\/wp-content\/uploads\/2025\/08\/1111DJI_0723-150x150.webp",150,150,true],"medium":["https:\/\/swellsurfmorocco.com\/wp-content\/uploads\/2025\/08\/1111DJI_0723-300x169.webp",300,169,true],"medium_large":["https:\/\/swellsurfmorocco.com\/wp-content\/uploads\/2025\/08\/1111DJI_0723-768x432.webp",768,432,true],"large":["https:\/\/swellsurfmorocco.com\/wp-content\/uploads\/2025\/08\/1111DJI_0723-1024x576.webp",930,523,true],"1536x1536":["https:\/\/swellsurfmorocco.com\/wp-content\/uploads\/2025\/08\/1111DJI_0723.webp",1280,720,false],"2048x2048":["https:\/\/swellsurfmorocco.com\/wp-content\/uploads\/2025\/08\/1111DJI_0723.webp",1280,720,false],"trp-custom-language-flag":["https:\/\/swellsurfmorocco.com\/wp-content\/uploads\/2025\/08\/1111DJI_0723.webp",18,10,false],"featured":["https:\/\/swellsurfmorocco.com\/wp-content\/uploads\/2025\/08\/1111DJI_0723.webp",1280,720,false],"featured@2x":["https:\/\/swellsurfmorocco.com\/wp-content\/uploads\/2025\/08\/1111DJI_0723.webp",1280,720,false],"featured-small":["https:\/\/swellsurfmorocco.com\/wp-content\/uploads\/2025\/08\/1111DJI_0723-1000x563.webp",1000,563,true],"recent-thumbnail":["https:\/\/swellsurfmorocco.com\/wp-content\/uploads\/2025\/08\/1111DJI_0723-345x192.webp",345,192,true],"recent-thumbnail-retina":["https:\/\/swellsurfmorocco.com\/wp-content\/uploads\/2025\/08\/1111DJI_0723-690x384.webp",690,384,true],"woo-featured":["https:\/\/swellsurfmorocco.com\/wp-content\/uploads\/2025\/08\/1111DJI_0723-280x280.webp",280,280,true],"entry-cover":["https:\/\/swellsurfmorocco.com\/wp-content\/uploads\/2025\/08\/1111DJI_0723.webp",1280,720,false],"entry-cover@2x":["https:\/\/swellsurfmorocco.com\/wp-content\/uploads\/2025\/08\/1111DJI_0723.webp",1280,720,false],"loop":["https:\/\/swellsurfmorocco.com\/wp-content\/uploads\/2025\/08\/1111DJI_0723-950x320.webp",950,320,true],"portfolio-scroller-widget":["https:\/\/swellsurfmorocco.com\/wp-content\/uploads\/2025\/08\/1111DJI_0723-996x560.webp",996,560,true],"portfolio_item-thumbnail":["https:\/\/swellsurfmorocco.com\/wp-content\/uploads\/2025\/08\/1111DJI_0723.webp",600,338,false],"portfolio_item-masonry":["https:\/\/swellsurfmorocco.com\/wp-content\/uploads\/2025\/08\/1111DJI_0723.webp",600,338,false],"portfolio_item-thumbnail_wide":["https:\/\/swellsurfmorocco.com\/wp-content\/uploads\/2025\/08\/1111DJI_0723-1280x600.webp",1280,600,true],"portfolio_item-thumbnail_wide_cinema":["https:\/\/swellsurfmorocco.com\/wp-content\/uploads\/2025\/08\/1111DJI_0723.webp",1280,720,false],"portfolio_item-thumbnail_cinema":["https:\/\/swellsurfmorocco.com\/wp-content\/uploads\/2025\/08\/1111DJI_0723.webp",596,335,false],"portfolio_item-thumbnail_portrait":["https:\/\/swellsurfmorocco.com\/wp-content\/uploads\/2025\/08\/1111DJI_0723.webp",600,338,false],"portfolio_item-thumbnail_square":["https:\/\/swellsurfmorocco.com\/wp-content\/uploads\/2025\/08\/1111DJI_0723.webp",800,450,false],"portfolio_item-thumbnail@2x":["https:\/\/swellsurfmorocco.com\/wp-content\/uploads\/2025\/08\/1111DJI_0723.webp",1200,675,false],"portfolio_item-masonry@2x":["https:\/\/swellsurfmorocco.com\/wp-content\/uploads\/2025\/08\/1111DJI_0723.webp",1200,675,false],"portfolio_item-thumbnail_portrait@2x":["https:\/\/swellsurfmorocco.com\/wp-content\/uploads\/2025\/08\/1111DJI_0723.webp",1200,675,false]},"_links":{"self":[{"href":"https:\/\/swellsurfmorocco.com\/de\/wp-json\/wp\/v2\/pages\/10","targetHints":{"allow":["GET"]}}],"collection":[{"href":"https:\/\/swellsurfmorocco.com\/de\/wp-json\/wp\/v2\/pages"}],"about":[{"href":"https:\/\/swellsurfmorocco.com\/de\/wp-json\/wp\/v2\/types\/page"}],"author":[{"embeddable":true,"href":"https:\/\/swellsurfmorocco.com\/de\/wp-json\/wp\/v2\/users\/1"}],"replies":[{"embeddable":true,"href":"https:\/\/swellsurfmorocco.com\/de\/wp-json\/wp\/v2\/comments?post=10"}],"version-history":[{"count":0,"href":"https:\/\/swellsurfmorocco.com\/de\/wp-json\/wp\/v2\/pages\/10\/revisions"}],"wp:featuredmedia":[{"embeddable":true,"href":"https:\/\/swellsurfmorocco.com\/de\/wp-json\/wp\/v2\/media\/1541"}],"wp:attachment":[{"href":"https:\/\/swellsurfmorocco.com\/de\/wp-json\/wp\/v2\/media?parent=10"}],"curies":[{"name":"wp","href":"https:\/\/api.w.org\/{rel}","templated":true}]}}